{"id":133,"date":"2019-10-08T08:36:59","date_gmt":"2019-10-08T08:36:59","guid":{"rendered":"http:\/\/www.artliva.com\/contact\/"},"modified":"2023-03-18T15:21:01","modified_gmt":"2023-03-18T12:21:01","slug":"contact","status":"publish","type":"page","link":"https:\/\/www.artliva.com\/?page_id=133","title":{"rendered":"Contact"},"content":{"rendered":"\t\t<div data-elementor-type=\"wp-page\" data-elementor-id=\"133\" class=\"elementor elementor-133\">\n\t\t\t\t\t\t<section class=\"elementor-section elementor-top-section elementor-element elementor-element-4e8dbe1 elementor-section-content-middle elementor-section-boxed elementor-section-height-default elementor-section-height-default\" data-id=\"4e8dbe1\" data-element_type=\"section\" data-e-type=\"section\" data-settings=\"{&quot;background_background&quot;:&quot;classic&quot;}\">\n\t\t\t\t\t\t\t<div class=\"elementor-background-overlay\"><\/div>\n\t\t\t\t\t\t\t<div class=\"elementor-container elementor-column-gap-no\">\n\t\t\t\t\t<div class=\"aux-parallax-section elementor-column elementor-col-50 elementor-top-column elementor-element elementor-element-7f43f09\" data-id=\"7f43f09\" data-element_type=\"column\" data-e-type=\"column\">\n\t\t\t<div class=\"elementor-widget-wrap elementor-element-populated\">\n\t\t\t\t\t\t<div class=\"elementor-element elementor-element-4445882 aux-appear-watch-animation aux-fade-in-up elementor-widget elementor-widget-aux_modern_heading\" data-id=\"4445882\" data-element_type=\"widget\" data-e-type=\"widget\" data-widget_type=\"aux_modern_heading.default\">\n\t\t\t\t<div class=\"elementor-widget-container\">\n\t\t\t\t\t<section class=\"aux-widget-modern-heading\">\n            <div class=\"aux-widget-inner\"><h2 class=\"aux-modern-heading-primary\">Bizi Aray\u0131n<\/h2><div class=\"aux-modern-heading-description\">Art Liva \u0130n\u015faat Turizm San. Tic. Ltd. olarak<br>bize dan\u0131\u015fmak\nistedi\u011finiz her konuda<br>size\nyard\u0131mc\u0131 olmak isteriz.<\/div><\/div>\n        <\/section>\t\t\t\t<\/div>\n\t\t\t\t<\/div>\n\t\t\t\t<div class=\"elementor-element elementor-element-4fb34ad aux-appear-watch-animation aux-fade-in-up-1 elementor-widget elementor-widget-aux_text\" data-id=\"4fb34ad\" data-element_type=\"widget\" data-e-type=\"widget\" data-widget_type=\"aux_text.default\">\n\t\t\t\t<div class=\"elementor-widget-container\">\n\t\t\t\t\t<section class=\"widget-container aux-widget-text aux-parent-au0aac2583\">        <div class=\"aux-widget-advanced-text aux-wrap-style-simple aux-ico-pos-left aux-text-left aux-text-resp- aux-text-color-dark aux-text-widget-bg-center  \" >\n        \n                            <div class=\"aux-text-widget-header \"  >\n                        <div class=\"aux-ico-box aux-ico-large aux-img-box aux-ico-shape-default aux-ico-clear \">\n                                                                <img decoding=\"async\" width=\"42\" height=\"42\" src=\"image\/gif;base64,R0lGODlhAQABAIAAAAAAAP\/\/\/yH5BAEAAAAALAAAAAABAAEAAAIBRAA7\" class=\"aux-attachment aux-featured-image aux-attachment-id-52 aux-preload aux-blank\" alt=\"demo-attachment-903-icons8_point_objects_filled_1-1\" data-ratio=\"1\" data-original-w=\"42\" data-src=\"https:\/\/www.artliva.com\/wp-content\/uploads\/2019\/10\/icons8_point_objects_filled_1-1.png\" \/>                                                    <\/div>\n                <\/div>\n            \n            <div class=\"aux-text-inner aux-text-widget-content\">\n                                <div class=\"widget-content\">\n                                        <p>Adres : Merkez Hac\u0131 \u0130sa Mahallesi,<br> B\u00fclent Baratal\u0131 Bulvar\u0131,<br> Urla Cumhuriyet Meydan\u0131 Apt.<br>No: 40 Daire: 105 Kat: 1 Urla - \u0130ZM\u0130R<\/p>                <\/div>\n                            <\/div>\n        <\/div>\n                    <div class=\"aux-text-widget-footer\">\n                <div class=\"aux-border-shape-none \">\n                                <\/div>\n            <\/div>\n        \n<\/section><!-- widget-container -->\t\t\t\t<\/div>\n\t\t\t\t<\/div>\n\t\t\t\t<div class=\"elementor-element elementor-element-1381947 aux-appear-watch-animation aux-fade-in-up-1 elementor-widget elementor-widget-aux_text\" data-id=\"1381947\" data-element_type=\"widget\" data-e-type=\"widget\" data-widget_type=\"aux_text.default\">\n\t\t\t\t<div class=\"elementor-widget-container\">\n\t\t\t\t\t<section class=\"widget-container aux-widget-text aux-parent-au34fb69c5\">        <div class=\"aux-widget-advanced-text aux-wrap-style-simple aux-ico-pos-left aux-text-left aux-text-resp- aux-text-color-dark aux-text-widget-bg-center  \" >\n        \n                            <div class=\"aux-text-widget-header \"  >\n                        <div class=\"aux-ico-box aux-ico-large aux-img-box aux-ico-shape-default aux-ico-clear \">\n                                                                <img decoding=\"async\" width=\"32\" height=\"32\" src=\"image\/gif;base64,R0lGODlhAQABAIAAAAAAAP\/\/\/yH5BAEAAAAALAAAAAABAAEAAAIBRAA7\" class=\"aux-attachment aux-featured-image aux-attachment-id-70 aux-preload aux-blank\" alt=\"demo-attachment-389-icons8_phone_filled\" data-ratio=\"1\" data-original-w=\"32\" data-src=\"https:\/\/www.artliva.com\/wp-content\/uploads\/2019\/10\/icons8_phone_filled.png\" \/>                                                    <\/div>\n                <\/div>\n            \n            <div class=\"aux-text-inner aux-text-widget-content\">\n                                <div class=\"widget-content\">\n                                        <p>Telefon : +90 (232) 259 52 59<br \/>Faks\u00a0 \u00a0 \u00a0 : +90 (232) 277 82 77<\/p>                <\/div>\n                            <\/div>\n        <\/div>\n                    <div class=\"aux-text-widget-footer\">\n                <div class=\"aux-border-shape-none \">\n                                <\/div>\n            <\/div>\n        \n<\/section><!-- widget-container -->\t\t\t\t<\/div>\n\t\t\t\t<\/div>\n\t\t\t\t<div class=\"elementor-element elementor-element-64e8478 aux-appear-watch-animation aux-fade-in-up-1 elementor-widget elementor-widget-aux_text\" data-id=\"64e8478\" data-element_type=\"widget\" data-e-type=\"widget\" data-widget_type=\"aux_text.default\">\n\t\t\t\t<div class=\"elementor-widget-container\">\n\t\t\t\t\t<section class=\"widget-container aux-widget-text aux-parent-auf81b9a82\">        <div class=\"aux-widget-advanced-text aux-wrap-style-simple aux-ico-pos-left aux-text-left aux-text-resp- aux-text-color-dark aux-text-widget-bg-center  \" >\n        \n                            <div class=\"aux-text-widget-header \"  >\n                        <div class=\"aux-ico-box aux-ico-large aux-img-box aux-ico-shape-default aux-ico-clear \">\n                                                                <img decoding=\"async\" width=\"31\" height=\"23\" src=\"image\/gif;base64,R0lGODlhAQABAIAAAAAAAP\/\/\/yH5BAEAAAAALAAAAAABAAEAAAIBRAA7\" class=\"aux-attachment aux-featured-image aux-attachment-id-69 aux-preload aux-blank\" alt=\"demo-attachment-391-icons8_mail_filled\" data-ratio=\"1.35\" data-original-w=\"31\" data-src=\"https:\/\/www.artliva.com\/wp-content\/uploads\/2019\/10\/icons8_mail_filled.png\" \/>                                                    <\/div>\n                <\/div>\n            \n            <div class=\"aux-text-inner aux-text-widget-content\">\n                                <div class=\"widget-content\">\n                                        <p>Email: caglarozer@artliva.com<br \/>info@artirimrealestate.com<\/p>                <\/div>\n                            <\/div>\n        <\/div>\n                    <div class=\"aux-text-widget-footer\">\n                <div class=\"aux-border-shape-none \">\n                                <\/div>\n            <\/div>\n        \n<\/section><!-- widget-container -->\t\t\t\t<\/div>\n\t\t\t\t<\/div>\n\t\t\t\t\t<\/div>\n\t\t<\/div>\n\t\t\t\t<div class=\"aux-parallax-section elementor-column elementor-col-50 elementor-top-column elementor-element elementor-element-70f9d78 aux-appear-watch-animation aux-scale-down\" data-id=\"70f9d78\" data-element_type=\"column\" data-e-type=\"column\" data-settings=\"{&quot;background_background&quot;:&quot;classic&quot;}\">\n\t\t\t<div class=\"elementor-widget-wrap elementor-element-populated\">\n\t\t\t\t\t<div class=\"elementor-background-overlay\"><\/div>\n\t\t\t\t\t\t<div class=\"elementor-element elementor-element-248893a elementor-widget elementor-widget-heading\" data-id=\"248893a\" data-element_type=\"widget\" data-e-type=\"widget\" data-widget_type=\"heading.default\">\n\t\t\t\t<div class=\"elementor-widget-container\">\n\t\t\t\t\t<p class=\"elementor-heading-title elementor-size-default\">Bize mesaj g\u00f6nderin<\/p>\t\t\t\t<\/div>\n\t\t\t\t<\/div>\n\t\t\t\t<div class=\"elementor-element elementor-element-e866ac7 elementor-widget elementor-widget-aux_contact_form\" data-id=\"e866ac7\" data-element_type=\"widget\" data-e-type=\"widget\" data-widget_type=\"aux_contact_form.default\">\n\t\t\t\t<div class=\"elementor-widget-container\">\n\t\t\t\t\t<section class=\"widget-container aux-widget-contact-form aux-parent-aud872fd9b\">            <div class=\"aux-col-wrapper aux-no-gutter\">\n            <!-- @TODO - The output for element here -->\n\n            \n<div class=\"wpcf7 no-js\" id=\"wpcf7-f122-o1\" lang=\"en-US\" dir=\"ltr\" data-wpcf7-id=\"122\">\n<div class=\"screen-reader-response\"><p role=\"status\" aria-live=\"polite\" aria-atomic=\"true\"><\/p> <ul><\/ul><\/div>\n<form action=\"\/index.php?rest_route=%2Fwp%2Fv2%2Fpages%2F133#wpcf7-f122-o1\" method=\"post\" class=\"wpcf7-form init\" aria-label=\"Contact form\" novalidate=\"novalidate\" data-status=\"init\">\n<fieldset class=\"hidden-fields-container\"><input type=\"hidden\" name=\"_wpcf7\" value=\"122\" \/><input type=\"hidden\" name=\"_wpcf7_version\" value=\"6.1.6\" \/><input type=\"hidden\" name=\"_wpcf7_locale\" value=\"en_US\" \/><input type=\"hidden\" name=\"_wpcf7_unit_tag\" value=\"wpcf7-f122-o1\" \/><input type=\"hidden\" name=\"_wpcf7_container_post\" value=\"0\" \/><input type=\"hidden\" name=\"_wpcf7_posted_data_hash\" value=\"\" \/>\n<\/fieldset>\n<label><span class=\"wpcf7-form-control-wrap\" data-name=\"Name\"><input size=\"40\" maxlength=\"400\" class=\"wpcf7-form-control wpcf7-text\" aria-invalid=\"false\" placeholder=\"Ad\u0131n\u0131z\" value=\"\" type=\"text\" name=\"Name\" \/><\/span><\/label>\n<label><span class=\"wpcf7-form-control-wrap\" data-name=\"Email\"><input size=\"40\" maxlength=\"400\" class=\"wpcf7-form-control wpcf7-email wpcf7-text wpcf7-validates-as-email\" aria-invalid=\"false\" placeholder=\"E-mail Adresiniz\" value=\"\" type=\"email\" name=\"Email\" \/><\/span> <\/label>\n<label><span class=\"wpcf7-form-control-wrap\" data-name=\"Country\"><input size=\"40\" maxlength=\"400\" class=\"wpcf7-form-control wpcf7-text\" aria-invalid=\"false\" placeholder=\"Konu\" value=\"\" type=\"text\" name=\"Country\" \/><\/span><\/label>\n<label><span class=\"wpcf7-form-control-wrap\" data-name=\"Message\"><textarea cols=\"40\" rows=\"10\" maxlength=\"2000\" class=\"wpcf7-form-control wpcf7-textarea\" aria-invalid=\"false\" placeholder=\"Mesaj\u0131n\u0131z\" name=\"Message\"><\/textarea><\/span> <\/label>\n<input class=\"wpcf7-form-control wpcf7-submit has-spinner\" type=\"submit\" value=\"G\u00f6nder!\" \/><div class=\"wpcf7-response-output\" aria-hidden=\"true\"><\/div>\n<\/form>\n<\/div>\n\n\n            <\/div><!-- aux-col-wrapper -->\n    <\/section><!-- widget-container -->\t\t\t\t<\/div>\n\t\t\t\t<\/div>\n\t\t\t\t\t<\/div>\n\t\t<\/div>\n\t\t\t\t\t<\/div>\n\t\t<\/section>\n\t\t\t\t<section class=\"elementor-section elementor-top-section elementor-element elementor-element-ff49ece elementor-section-full_width elementor-section-height-default elementor-section-height-default\" data-id=\"ff49ece\" data-element_type=\"section\" data-e-type=\"section\">\n\t\t\t\t\t\t<div class=\"elementor-container elementor-column-gap-default\">\n\t\t\t\t\t<div class=\"aux-parallax-section elementor-column elementor-col-100 elementor-top-column elementor-element elementor-element-b7331cb\" data-id=\"b7331cb\" data-element_type=\"column\" data-e-type=\"column\">\n\t\t\t<div class=\"elementor-widget-wrap elementor-element-populated\">\n\t\t\t\t\t\t<div class=\"elementor-element elementor-element-2b96648 elementor-widget elementor-widget-google_maps\" data-id=\"2b96648\" data-element_type=\"widget\" data-e-type=\"widget\" data-widget_type=\"google_maps.default\">\n\t\t\t\t<div class=\"elementor-widget-container\">\n\t\t\t\t\t\t\t<div class=\"elementor-custom-embed\">\n\t\t\t<iframe loading=\"lazy\"\n\t\t\t\t\tsrc=\"https:\/\/maps.google.com\/maps?q=Hac%C4%B1%20%C4%B0sa%2C%20B%C3%BClent%20Baratal%C4%B1%20Bulvar%C4%B1%20No%2040%2C%20Urla%2F%C4%B0zmir&#038;t=m&#038;z=15&#038;output=embed&#038;iwloc=near\"\n\t\t\t\t\ttitle=\"Hac\u0131 \u0130sa, B\u00fclent Baratal\u0131 Bulvar\u0131 No 40, Urla\/\u0130zmir\"\n\t\t\t\t\taria-label=\"Hac\u0131 \u0130sa, B\u00fclent Baratal\u0131 Bulvar\u0131 No 40, Urla\/\u0130zmir\"\n\t\t\t><\/iframe>\n\t\t<\/div>\n\t\t\t\t\t\t<\/div>\n\t\t\t\t<\/div>\n\t\t\t\t\t<\/div>\n\t\t<\/div>\n\t\t\t\t\t<\/div>\n\t\t<\/section>\n\t\t\t\t<\/div>\n\t\t","protected":false},"excerpt":{"rendered":"<p>Bizi Aray\u0131n Art Liva \u0130n\u015faat Turizm San. Tic. Ltd. olarakbize dan\u0131\u015fmak istedi\u011finiz her konudasize yard\u0131mc\u0131 olmak isteriz. Adres : Merkez Hac\u0131 \u0130sa Mahallesi, B\u00fclent Baratal\u0131 Bulvar\u0131, Urla Cumhuriyet Meydan\u0131 Apt.No: 40 Daire: 105 Kat: 1 Urla &#8211; \u0130ZM\u0130R Telefon : +90 (232) 259 52 59Faks\u00a0 \u00a0 \u00a0 : +90 (232) 277 82 77 Email: caglarozer@artliva.cominfo@artirimrealestate.com [&hellip;]<\/p>\n","protected":false},"author":1,"featured_media":0,"parent":0,"menu_order":0,"comment_status":"closed","ping_status":"closed","template":"templates\/page-builder-content.php","meta":{"footnotes":""},"class_list":["post-133","page","type-page","status-publish","hentry"],"yoast_head":"<!-- This site is optimized with the Yoast SEO plugin v27.6 - https:\/\/yoast.com\/product\/yoast-seo-wordpress\/ -->\n<title>Contact &#8212; Art Liva \u0130n\u015faat Ltd<\/title>\n<meta name=\"robots\" content=\"index, follow, max-snippet:-1, max-image-preview:large, max-video-preview:-1\" \/>\n<link rel=\"canonical\" href=\"https:\/\/www.artliva.com\/?page_id=133\" \/>\n<meta property=\"og:locale\" content=\"tr_TR\" \/>\n<meta property=\"og:type\" content=\"article\" \/>\n<meta property=\"og:title\" content=\"Contact &#8212; Art Liva \u0130n\u015faat Ltd\" \/>\n<meta property=\"og:description\" content=\"Bizi Aray\u0131n Art Liva \u0130n\u015faat Turizm San. Tic. Ltd. olarakbize dan\u0131\u015fmak istedi\u011finiz her konudasize yard\u0131mc\u0131 olmak isteriz. Adres : Merkez Hac\u0131 \u0130sa Mahallesi, B\u00fclent Baratal\u0131 Bulvar\u0131, Urla Cumhuriyet Meydan\u0131 Apt.No: 40 Daire: 105 Kat: 1 Urla &#8211; \u0130ZM\u0130R Telefon : +90 (232) 259 52 59Faks\u00a0 \u00a0 \u00a0 : +90 (232) 277 82 77 Email: caglarozer@artliva.cominfo@artirimrealestate.com [&hellip;]\" \/>\n<meta property=\"og:url\" content=\"https:\/\/www.artliva.com\/?page_id=133\" \/>\n<meta property=\"og:site_name\" content=\"Art Liva \u0130n\u015faat Ltd\" \/>\n<meta property=\"article:modified_time\" content=\"2023-03-18T12:21:01+00:00\" \/>\n<meta name=\"twitter:card\" content=\"summary_large_image\" \/>\n<meta name=\"twitter:label1\" content=\"Tahmini okuma s\u00fcresi\" \/>\n\t<meta name=\"twitter:data1\" content=\"1 dakika\" \/>\n<script type=\"application\/ld+json\" class=\"yoast-schema-graph\">{\"@context\":\"https:\\\/\\\/schema.org\",\"@graph\":[{\"@type\":\"WebPage\",\"@id\":\"https:\\\/\\\/www.artliva.com\\\/?page_id=133\",\"url\":\"https:\\\/\\\/www.artliva.com\\\/?page_id=133\",\"name\":\"Contact &#8212; Art Liva \u0130n\u015faat Ltd\",\"isPartOf\":{\"@id\":\"https:\\\/\\\/www.artliva.com\\\/#website\"},\"datePublished\":\"2019-10-08T08:36:59+00:00\",\"dateModified\":\"2023-03-18T12:21:01+00:00\",\"breadcrumb\":{\"@id\":\"https:\\\/\\\/www.artliva.com\\\/?page_id=133#breadcrumb\"},\"inLanguage\":\"tr\",\"potentialAction\":[{\"@type\":\"ReadAction\",\"target\":[\"https:\\\/\\\/www.artliva.com\\\/?page_id=133\"]}]},{\"@type\":\"BreadcrumbList\",\"@id\":\"https:\\\/\\\/www.artliva.com\\\/?page_id=133#breadcrumb\",\"itemListElement\":[{\"@type\":\"ListItem\",\"position\":1,\"name\":\"Anasayfa\",\"item\":\"https:\\\/\\\/www.artliva.com\\\/\"},{\"@type\":\"ListItem\",\"position\":2,\"name\":\"Contact\"}]},{\"@type\":\"WebSite\",\"@id\":\"https:\\\/\\\/www.artliva.com\\\/#website\",\"url\":\"https:\\\/\\\/www.artliva.com\\\/\",\"name\":\"Art Liva \u0130n\u015faat Ltd\",\"description\":\"\u0130n\u015faat Proje ve Gayrimenkul\",\"publisher\":{\"@id\":\"https:\\\/\\\/www.artliva.com\\\/#organization\"},\"potentialAction\":[{\"@type\":\"SearchAction\",\"target\":{\"@type\":\"EntryPoint\",\"urlTemplate\":\"https:\\\/\\\/www.artliva.com\\\/?s={search_term_string}\"},\"query-input\":{\"@type\":\"PropertyValueSpecification\",\"valueRequired\":true,\"valueName\":\"search_term_string\"}}],\"inLanguage\":\"tr\"},{\"@type\":\"Organization\",\"@id\":\"https:\\\/\\\/www.artliva.com\\\/#organization\",\"name\":\"Art Liva \u0130n\u015faat Turizm Sanayi Ticaret Ltd.\",\"url\":\"https:\\\/\\\/www.artliva.com\\\/\",\"logo\":{\"@type\":\"ImageObject\",\"inLanguage\":\"tr\",\"@id\":\"https:\\\/\\\/www.artliva.com\\\/#\\\/schema\\\/logo\\\/image\\\/\",\"url\":\"https:\\\/\\\/www.artliva.com\\\/wp-content\\\/uploads\\\/2019\\\/10\\\/cropped-artliva3-1.png\",\"contentUrl\":\"https:\\\/\\\/www.artliva.com\\\/wp-content\\\/uploads\\\/2019\\\/10\\\/cropped-artliva3-1.png\",\"width\":500,\"height\":86,\"caption\":\"Art Liva \u0130n\u015faat Turizm Sanayi Ticaret Ltd.\"},\"image\":{\"@id\":\"https:\\\/\\\/www.artliva.com\\\/#\\\/schema\\\/logo\\\/image\\\/\"}}]}<\/script>\n<!-- \/ Yoast SEO plugin. -->","yoast_head_json":{"title":"Contact &#8212; Art Liva \u0130n\u015faat Ltd","robots":{"index":"index","follow":"follow","max-snippet":"max-snippet:-1","max-image-preview":"max-image-preview:large","max-video-preview":"max-video-preview:-1"},"canonical":"https:\/\/www.artliva.com\/?page_id=133","og_locale":"tr_TR","og_type":"article","og_title":"Contact &#8212; Art Liva \u0130n\u015faat Ltd","og_description":"Bizi Aray\u0131n Art Liva \u0130n\u015faat Turizm San. Tic. Ltd. olarakbize dan\u0131\u015fmak istedi\u011finiz her konudasize yard\u0131mc\u0131 olmak isteriz. Adres : Merkez Hac\u0131 \u0130sa Mahallesi, B\u00fclent Baratal\u0131 Bulvar\u0131, Urla Cumhuriyet Meydan\u0131 Apt.No: 40 Daire: 105 Kat: 1 Urla &#8211; \u0130ZM\u0130R Telefon : +90 (232) 259 52 59Faks\u00a0 \u00a0 \u00a0 : +90 (232) 277 82 77 Email: caglarozer@artliva.cominfo@artirimrealestate.com [&hellip;]","og_url":"https:\/\/www.artliva.com\/?page_id=133","og_site_name":"Art Liva \u0130n\u015faat Ltd","article_modified_time":"2023-03-18T12:21:01+00:00","twitter_card":"summary_large_image","twitter_misc":{"Tahmini okuma s\u00fcresi":"1 dakika"},"schema":{"@context":"https:\/\/schema.org","@graph":[{"@type":"WebPage","@id":"https:\/\/www.artliva.com\/?page_id=133","url":"https:\/\/www.artliva.com\/?page_id=133","name":"Contact &#8212; Art Liva \u0130n\u015faat Ltd","isPartOf":{"@id":"https:\/\/www.artliva.com\/#website"},"datePublished":"2019-10-08T08:36:59+00:00","dateModified":"2023-03-18T12:21:01+00:00","breadcrumb":{"@id":"https:\/\/www.artliva.com\/?page_id=133#breadcrumb"},"inLanguage":"tr","potentialAction":[{"@type":"ReadAction","target":["https:\/\/www.artliva.com\/?page_id=133"]}]},{"@type":"BreadcrumbList","@id":"https:\/\/www.artliva.com\/?page_id=133#breadcrumb","itemListElement":[{"@type":"ListItem","position":1,"name":"Anasayfa","item":"https:\/\/www.artliva.com\/"},{"@type":"ListItem","position":2,"name":"Contact"}]},{"@type":"WebSite","@id":"https:\/\/www.artliva.com\/#website","url":"https:\/\/www.artliva.com\/","name":"Art Liva \u0130n\u015faat Ltd","description":"\u0130n\u015faat Proje ve Gayrimenkul","publisher":{"@id":"https:\/\/www.artliva.com\/#organization"},"potentialAction":[{"@type":"SearchAction","target":{"@type":"EntryPoint","urlTemplate":"https:\/\/www.artliva.com\/?s={search_term_string}"},"query-input":{"@type":"PropertyValueSpecification","valueRequired":true,"valueName":"search_term_string"}}],"inLanguage":"tr"},{"@type":"Organization","@id":"https:\/\/www.artliva.com\/#organization","name":"Art Liva \u0130n\u015faat Turizm Sanayi Ticaret Ltd.","url":"https:\/\/www.artliva.com\/","logo":{"@type":"ImageObject","inLanguage":"tr","@id":"https:\/\/www.artliva.com\/#\/schema\/logo\/image\/","url":"https:\/\/www.artliva.com\/wp-content\/uploads\/2019\/10\/cropped-artliva3-1.png","contentUrl":"https:\/\/www.artliva.com\/wp-content\/uploads\/2019\/10\/cropped-artliva3-1.png","width":500,"height":86,"caption":"Art Liva \u0130n\u015faat Turizm Sanayi Ticaret Ltd."},"image":{"@id":"https:\/\/www.artliva.com\/#\/schema\/logo\/image\/"}}]}},"_links":{"self":[{"href":"https:\/\/www.artliva.com\/index.php?rest_route=\/wp\/v2\/pages\/133","targetHints":{"allow":["GET"]}}],"collection":[{"href":"https:\/\/www.artliva.com\/index.php?rest_route=\/wp\/v2\/pages"}],"about":[{"href":"https:\/\/www.artliva.com\/index.php?rest_route=\/wp\/v2\/types\/page"}],"author":[{"embeddable":true,"href":"https:\/\/www.artliva.com\/index.php?rest_route=\/wp\/v2\/users\/1"}],"replies":[{"embeddable":true,"href":"https:\/\/www.artliva.com\/index.php?rest_route=%2Fwp%2Fv2%2Fcomments&post=133"}],"version-history":[{"count":63,"href":"https:\/\/www.artliva.com\/index.php?rest_route=\/wp\/v2\/pages\/133\/revisions"}],"predecessor-version":[{"id":987,"href":"https:\/\/www.artliva.com\/index.php?rest_route=\/wp\/v2\/pages\/133\/revisions\/987"}],"wp:attachment":[{"href":"https:\/\/www.artliva.com\/index.php?rest_route=%2Fwp%2Fv2%2Fmedia&parent=133"}],"curies":[{"name":"wp","href":"https:\/\/api.w.org\/{rel}","templated":true}]}}